{"id":1784,"date":"2017-03-14T16:46:01","date_gmt":"2017-03-14T09:46:01","guid":{"rendered":"http:\/\/bacgiang.matquocte.vn\/?page_id=1784"},"modified":"2026-03-20T13:47:55","modified_gmt":"2026-03-20T06:47:55","slug":"doi-ngu-nhan-su","status":"publish","type":"page","link":"https:\/\/bacgiang.matquocte.vn\/en\/introduction\/our-staff\/","title":{"rendered":"Our staff"},"content":{"rendered":"<p class=\"qtranxs-available-languages-message qtranxs-available-languages-message-en\">Sorry, this entry is only available in <a href=\"https:\/\/bacgiang.matquocte.vn\/vi\/wp-json\/wp\/v2\/pages\/1784\" class=\"qtranxs-available-language-link qtranxs-available-language-link-vi\" title=\"Ti\u1ebfng Vi\u1ec7t\">Ti\u1ebfng Vi\u1ec7t<\/a>. For the sake of viewer convenience, the content is shown below in the alternative language. You may click the link to switch the active language.<\/p><p><\/p>\n<p><b>\u0110\u1ed8I NG\u0168 NH\u00c2N S\u1ef0<\/b><\/p>\n<p><span style=\"font-weight: 400;\">B\u1ec7nh vi\u1ec7n M\u1eaft Qu\u1ed1c t\u1ebf DND B\u1eafc Giang t\u1ef1 h\u00e0o l\u00e0 n\u01a1i h\u1ed9i t\u1ee5 c\u1ee7a nh\u1eefng b\u00e1c s\u0129 nh\u00e2n khoa v\u1edbi b\u1ec1 d\u00e0y kinh nghi\u1ec7m v\u00e0 tr\u00ecnh \u0111\u1ed9 chuy\u00ean m\u00f4n cao. Ch\u00fang t\u00f4i kh\u00f4ng ch\u1ec9 ch\u00fa tr\u1ecdng v\u00e0o tay ngh\u1ec1 m\u00e0 c\u00f2n li\u00ean t\u1ee5c c\u1eadp nh\u1eadt nh\u1eefng c\u00f4ng ngh\u1ec7 \u0111i\u1ec1u tr\u1ecb ti\u00ean ti\u1ebfn nh\u1ea5t th\u00f4ng qua c\u00e1c ch\u01b0\u01a1ng tr\u00ecnh \u0111\u00e0o t\u1ea1o trong v\u00e0 ngo\u00e0i n\u01b0\u1edbc. T\u1ea1i \u0111\u00e2y, m\u1ed7i c\u00e1n b\u1ed9 nh\u00e2n vi\u00ean \u0111\u1ec1u l\u00e0m vi\u1ec7c v\u1edbi s\u1ef1 t\u1eadn t\u00e2m v\u00e0 t\u00e1c phong chuy\u00ean nghi\u1ec7p, cam k\u1ebft mang l\u1ea1i quy tr\u00ecnh ph\u1ee5c v\u1ee5 chu\u1ea9n m\u1ef1c, t\u1ea5t c\u1ea3 v\u00ec s\u1ee9 m\u1ec7nh b\u1ea3o v\u1ec7 v\u00e0 n\u00e2ng niu \u201cc\u1eeda s\u1ed5 t\u00e2m h\u1ed3n\u201d c\u1ee7a c\u1ed9ng \u0111\u1ed3ng.<\/span><\/p>\n<p><\/p>","protected":false},"excerpt":{"rendered":"<p>Sorry, this entry is only available in Ti\u1ebfng Vi\u1ec7t. For the sake of viewer convenience, the content is shown below in the alternative language. You may click the link to switch the active language. \u0110\u1ed8I NG\u0168 NH\u00c2N S\u1ef0 B\u1ec7nh vi\u1ec7n M\u1eaft Qu\u1ed1c t\u1ebf DND B\u1eafc Giang t\u1ef1 h\u00e0o l\u00e0 n\u01a1i h\u1ed9i t\u1ee5 c\u1ee7a nh\u1eefng b\u00e1c [&hellip;]<\/p>\n","protected":false},"author":1,"featured_media":5930,"parent":11,"menu_order":4,"comment_status":"closed","ping_status":"closed","template":"tpl-gtdoingunhansu.php","meta":{"footnotes":""},"class_list":["post-1784","page","type-page","status-publish","has-post-thumbnail","hentry"],"acf":[],"_links":{"self":[{"href":"https:\/\/bacgiang.matquocte.vn\/en\/wp-json\/wp\/v2\/pages\/1784"}],"collection":[{"href":"https:\/\/bacgiang.matquocte.vn\/en\/wp-json\/wp\/v2\/pages"}],"about":[{"href":"https:\/\/bacgiang.matquocte.vn\/en\/wp-json\/wp\/v2\/types\/page"}],"author":[{"embeddable":true,"href":"https:\/\/bacgiang.matquocte.vn\/en\/wp-json\/wp\/v2\/users\/1"}],"replies":[{"embeddable":true,"href":"https:\/\/bacgiang.matquocte.vn\/en\/wp-json\/wp\/v2\/comments?post=1784"}],"version-history":[{"count":1,"href":"https:\/\/bacgiang.matquocte.vn\/en\/wp-json\/wp\/v2\/pages\/1784\/revisions"}],"predecessor-version":[{"id":1785,"href":"https:\/\/bacgiang.matquocte.vn\/en\/wp-json\/wp\/v2\/pages\/1784\/revisions\/1785"}],"up":[{"embeddable":true,"href":"https:\/\/bacgiang.matquocte.vn\/en\/wp-json\/wp\/v2\/pages\/11"}],"wp:featuredmedia":[{"embeddable":true,"href":"https:\/\/bacgiang.matquocte.vn\/en\/wp-json\/wp\/v2\/media\/5930"}],"wp:attachment":[{"href":"https:\/\/bacgiang.matquocte.vn\/en\/wp-json\/wp\/v2\/media?parent=1784"}],"curies":[{"name":"wp","href":"https:\/\/api.w.org\/{rel}","templated":true}]}}